{"id":2,"date":"2020-05-20T08:34:48","date_gmt":"2020-05-20T08:34:48","guid":{"rendered":"http:\/\/www.oficinadecontinuidad.es\/?page_id=2"},"modified":"2023-05-04T15:04:20","modified_gmt":"2023-05-04T15:04:20","slug":"trabajo-postcovid19","status":"publish","type":"page","link":"https:\/\/www.oficinadecontinuidad.es\/en\/trabajo-postcovid19","title":{"rendered":"Teletrabajo"},"content":{"rendered":"\n<h2 class=\"wp-block-heading\">Implantaci\u00f3n en la empresa<\/h2>\n\n\n\n<h3 class=\"wp-block-heading\"><strong>Estrategia de Gesti\u00f3n del Nuevo Modelo de Trabajo<\/strong><\/h3>\n\n\n\n<h4 class=\"wp-block-heading\">Minimizaci\u00f3n del Espacio en Oficinas y Maximizaci\u00f3n de Recursos en Teletrabajo<\/h4>\n\n\n\n<p>Despu\u00e9s de m\u00e1s de veinte a\u00f1os colaborando en la mejora en la gesti\u00f3n de las organizaciones, nunca el <strong>dise\u00f1o de una nueva estrategia de gesti\u00f3n del trabajo fue tan importante<\/strong> para asegurar la Continuidad del Negocio ante los nuevos retos sanitarios, econ\u00f3micos y empresariales.<\/p>\n\n\n\n<p>Este servicio pone nuestra experiencia para <strong>dise\u00f1ar e implantar una estrategia que reduzca costes y aumente la productividad de la fuerza de Trabajo.<\/strong><\/p>\n\n\n\n<figure class=\"wp-block-image size-large\"><img loading=\"lazy\" decoding=\"async\" width=\"1024\" height=\"534\" src=\"http:\/\/www.continuitas.es\/wp-content\/uploads\/2020\/12\/Diapositiva-2-1024x534.png\" alt=\"\" class=\"wp-image-219\" srcset=\"https:\/\/www.oficinadecontinuidad.es\/wp-content\/uploads\/2020\/12\/Diapositiva-2-1024x534.png 1024w, https:\/\/www.oficinadecontinuidad.es\/wp-content\/uploads\/2020\/12\/Diapositiva-2-300x157.png 300w, https:\/\/www.oficinadecontinuidad.es\/wp-content\/uploads\/2020\/12\/Diapositiva-2-768x401.png 768w, https:\/\/www.oficinadecontinuidad.es\/wp-content\/uploads\/2020\/12\/Diapositiva-2.png 1280w\" sizes=\"auto, (max-width: 1024px) 100vw, 1024px\" \/><\/figure>\n\n\n\n<figure class=\"wp-block-image size-large\"><img loading=\"lazy\" decoding=\"async\" width=\"1024\" height=\"534\" src=\"http:\/\/www.continuitas.es\/wp-content\/uploads\/2020\/12\/Diapositiva3-1024x534.png\" alt=\"\" class=\"wp-image-220\" srcset=\"https:\/\/www.oficinadecontinuidad.es\/wp-content\/uploads\/2020\/12\/Diapositiva3-1024x534.png 1024w, https:\/\/www.oficinadecontinuidad.es\/wp-content\/uploads\/2020\/12\/Diapositiva3-300x157.png 300w, https:\/\/www.oficinadecontinuidad.es\/wp-content\/uploads\/2020\/12\/Diapositiva3-768x401.png 768w, https:\/\/www.oficinadecontinuidad.es\/wp-content\/uploads\/2020\/12\/Diapositiva3.png 1280w\" sizes=\"auto, (max-width: 1024px) 100vw, 1024px\" \/><\/figure>\n","protected":false},"excerpt":{"rendered":"<p>Implantaci\u00f3n en la empresa Estrategia de Gesti\u00f3n del Nuevo Modelo de Trabajo Minimizaci\u00f3n del Espacio en Oficinas y Maximizaci\u00f3n de Recursos en Teletrabajo Despu\u00e9s de m\u00e1s de veinte a\u00f1os colaborando en la mejora en la gesti\u00f3n de las organizaciones, nunca el dise\u00f1o de una nueva estrategia de gesti\u00f3n del trabajo fue tan importante para asegurar [&hellip;]<\/p>\n","protected":false},"author":1,"featured_media":0,"parent":0,"menu_order":0,"comment_status":"closed","ping_status":"open","template":"","meta":{"footnotes":""},"class_list":["post-2","page","type-page","status-publish","hentry"],"_links":{"self":[{"href":"https:\/\/www.oficinadecontinuidad.es\/en\/wp-json\/wp\/v2\/pages\/2","targetHints":{"allow":["GET"]}}],"collection":[{"href":"https:\/\/www.oficinadecontinuidad.es\/en\/wp-json\/wp\/v2\/pages"}],"about":[{"href":"https:\/\/www.oficinadecontinuidad.es\/en\/wp-json\/wp\/v2\/types\/page"}],"author":[{"embeddable":true,"href":"https:\/\/www.oficinadecontinuidad.es\/en\/wp-json\/wp\/v2\/users\/1"}],"replies":[{"embeddable":true,"href":"https:\/\/www.oficinadecontinuidad.es\/en\/wp-json\/wp\/v2\/comments?post=2"}],"version-history":[{"count":13,"href":"https:\/\/www.oficinadecontinuidad.es\/en\/wp-json\/wp\/v2\/pages\/2\/revisions"}],"predecessor-version":[{"id":228,"href":"https:\/\/www.oficinadecontinuidad.es\/en\/wp-json\/wp\/v2\/pages\/2\/revisions\/228"}],"wp:attachment":[{"href":"https:\/\/www.oficinadecontinuidad.es\/en\/wp-json\/wp\/v2\/media?parent=2"}],"curies":[{"name":"wp","href":"https:\/\/api.w.org\/{rel}","templated":true}]}}