{"id":3,"date":"2020-05-20T08:34:48","date_gmt":"2020-05-20T08:34:48","guid":{"rendered":"http:\/\/www.oficinadecontinuidad.es\/?page_id=3"},"modified":"2023-09-06T10:13:58","modified_gmt":"2023-09-06T10:13:58","slug":"politica-privacidad","status":"publish","type":"page","link":"https:\/\/www.oficinadecontinuidad.es\/en\/politica-privacidad","title":{"rendered":"Pol\u00edtica de Privacidad y Aviso Legal"},"content":{"rendered":"\n<h3 class=\"wp-block-heading\">Pol\u00edtica de Privacidad<\/h3>\n\n\n\n<p>A trav\u00e9s de este sitio web no se recaban datos de car\u00e1cter personal de los usuarios sin su conocimiento, ni se ceden a terceros.<\/p>\n\n\n\n<p>Con la finalidad de ofrecerle el mejor servicio y con el objeto de facilitar el uso, se analizan el n\u00famero de p\u00e1ginas visitadas, el n\u00famero de visitas, as\u00ed como la actividad de los visitantes y su frecuencia de utilizaci\u00f3n. A estos efectos, CONTIDATASEG, SL (en adelante, <em>la Empresa<\/em>) utiliza la informaci\u00f3n estad\u00edstica elaborada por el Proveedor de Servicios de Internet.<\/p>\n\n\n\n<p><em>La Empresa<\/em> no utiliza cookies para recoger informaci\u00f3n de los usuarios, ni registra las direcciones IP de acceso. \u00danicamente se utilizan cookies propias,\u00a0 de sesi\u00f3n, con finalidad t\u00e9cnica (aquellas que permiten al usuario la navegaci\u00f3n a trav\u00e9s del sitio web y la utilizaci\u00f3n de las diferentes opciones y servicios que en ella existen).<\/p>\n\n\n\n<p>El portal del que es titular <em>la Empresa<\/em> contiene enlaces a sitios web de terceros, cuyas pol\u00edticas de privacidad son ajenas a la de <em>la Empresa<\/em>. Al acceder a tales sitios web usted puede decidir si acepta sus pol\u00edticas de privacidad y de cookies. Con car\u00e1cter general, si navega por internet usted puede aceptar o rechazar las cookies de terceros desde las opciones de configuraci\u00f3n de su navegador.<\/p>\n\n\n\n<p>Esta web no recaba datos de ning\u00fan tipo.<\/p>\n\n\n\n<h3 class=\"wp-block-heading\">Aviso Legal<\/h3>\n\n\n\n<p>Este portal, cuyo titular es CONTIDATASEG, SL, con NIF B13973771, domicilio en la Avenida Manoteras, 24, P2,\u00a028050 Madrid, est\u00e1 constituido por los sitios web asociados al dominio OficinaDeContinuidad.es.<\/p>\n\n\n\n<p><strong>Propiedad intelectual e industrial<\/strong><\/p>\n\n\n\n<p>El dise\u00f1o del portal y sus c\u00f3digos fuente, as\u00ed como los logos, marcas y dem\u00e1s signos distintivos que aparecen en el mismo pertenecen a <em>la Empresa<\/em> y est\u00e1n protegidos por los correspondientes derechos de propiedad intelectual e industrial.<\/p>\n\n\n\n<p><strong>Responsabilidad de los contenidos<\/strong><\/p>\n\n\n\n<p><em>La Empresa<\/em> no se hace responsable de la legalidad de otros sitios web de terceros desde los que pueda accederse al portal. <em>La Empresa <\/em>tampoco responde por la legalidad de otros sitios web de terceros, que pudieran estar vinculados o enlazados desde este portal.<\/p>\n\n\n\n<p><em>La Empresa<\/em> se reserva el derecho a realizar cambios en el sitio web sin previo aviso, al objeto de mantener actualizada su informaci\u00f3n, a\u00f1adiendo, modificando, corrigiendo o eliminando\u00a0los contenidos publicados o el dise\u00f1o del portal.<\/p>\n\n\n\n<p><em>La Empresa<\/em> no ser\u00e1 responsable del uso que terceros hagan de la informaci\u00f3n publicada en el portal, ni tampoco de los da\u00f1os sufridos o p\u00e9rdidas econ\u00f3micas que, de forma directa o indirecta, produzcan o puedan producir perjuicios econ\u00f3micos, materiales o sobre datos, provocados por el uso de dicha informaci\u00f3n.<\/p>\n\n\n\n<p><strong>Reproducci\u00f3n de contenidos<\/strong><\/p>\n\n\n\n<p>Se proh\u00edbe la reproducci\u00f3n total o parcial de los contenidos publicados en el portal.<\/p>\n\n\n\n<p><strong>Ley aplicable<\/strong><\/p>\n\n\n\n<p>La ley aplicable en caso de disputa o conflicto de interpretaci\u00f3n de los t\u00e9rminos que conforman este aviso legal, as\u00ed como cualquier cuesti\u00f3n relacionada con los servicios del presente portal, ser\u00e1 la ley espa\u00f1ola.<\/p>\n","protected":false},"excerpt":{"rendered":"<p>Pol\u00edtica de Privacidad A trav\u00e9s de este sitio web no se recaban datos de car\u00e1cter personal de los usuarios sin su conocimiento, ni se ceden a terceros. Con la finalidad de ofrecerle el mejor servicio y con el objeto de facilitar el uso, se analizan el n\u00famero de p\u00e1ginas visitadas, el n\u00famero de visitas, as\u00ed [&hellip;]<\/p>\n","protected":false},"author":1,"featured_media":0,"parent":0,"menu_order":0,"comment_status":"closed","ping_status":"open","template":"","meta":{"footnotes":""},"class_list":["post-3","page","type-page","status-publish","hentry"],"_links":{"self":[{"href":"https:\/\/www.oficinadecontinuidad.es\/en\/wp-json\/wp\/v2\/pages\/3","targetHints":{"allow":["GET"]}}],"collection":[{"href":"https:\/\/www.oficinadecontinuidad.es\/en\/wp-json\/wp\/v2\/pages"}],"about":[{"href":"https:\/\/www.oficinadecontinuidad.es\/en\/wp-json\/wp\/v2\/types\/page"}],"author":[{"embeddable":true,"href":"https:\/\/www.oficinadecontinuidad.es\/en\/wp-json\/wp\/v2\/users\/1"}],"replies":[{"embeddable":true,"href":"https:\/\/www.oficinadecontinuidad.es\/en\/wp-json\/wp\/v2\/comments?post=3"}],"version-history":[{"count":3,"href":"https:\/\/www.oficinadecontinuidad.es\/en\/wp-json\/wp\/v2\/pages\/3\/revisions"}],"predecessor-version":[{"id":254,"href":"https:\/\/www.oficinadecontinuidad.es\/en\/wp-json\/wp\/v2\/pages\/3\/revisions\/254"}],"wp:attachment":[{"href":"https:\/\/www.oficinadecontinuidad.es\/en\/wp-json\/wp\/v2\/media?parent=3"}],"curies":[{"name":"wp","href":"https:\/\/api.w.org\/{rel}","templated":true}]}}