{"id":67,"date":"2020-05-20T11:15:49","date_gmt":"2020-05-20T11:15:49","guid":{"rendered":"http:\/\/www.continuitas.es\/?page_id=67"},"modified":"2023-09-06T10:15:48","modified_gmt":"2023-09-06T10:15:48","slug":"quienes-somos","status":"publish","type":"page","link":"https:\/\/www.oficinadecontinuidad.es\/en\/quienes-somos","title":{"rendered":"Qui\u00e9nes Somos"},"content":{"rendered":"\n<h2 class=\"wp-block-heading\">Qui\u00e9nes Somos<\/h2>\n\n\n\n<p><strong><em>Oficina de Continuidad<\/em>  <\/strong>es un servicio de la compa\u00f1\u00eda espa\u00f1ola CONTIDATASEG SL, creado con la misi\u00f3n de proporcionar a nuestros clientes las metodolog\u00edas , procedimientos y las tecnolog\u00edas m\u00e1s avanzadas para garantizar el \u00c9XITO durante la GESTI\u00d3N DE UNA CRISIS, as\u00ed como la CONTINUIDAD DE SUS NEGOCIOS.<\/p>\n\n\n\n<p><strong><strong><em>Oficina de Continuidad<\/em><\/strong><\/strong> cree en la premisa b\u00e1sica de que todas las compa\u00f1\u00edas deben tener asegurado dicho \u00c9XITO; no hay empresa por peque\u00f1a que sea que no quiera tener asegurado un funcionamiento \u00f3ptimo si les sorprendiera una cat\u00e1strofe, as\u00ed mismo no hay empresa por grande que sea que no quiera tener asegurado un funcionamiento adecuado si un peque\u00f1o error humano les provocara un siniestro.<\/p>\n\n\n\n<h4 class=\"wp-block-heading\">Referencias y Proyectos<\/h4>\n\n\n\n<p>Puesto que <strong>solo nos dedicamos a la prestaci\u00f3n de Servicios de Gesti\u00f3n de Crisis y de Continuidad de Negocio y Tecnol\u00f3gica<\/strong>, todas nuestras referencias en todos los sectores de actividad aportan experiencia en mayor o menor grado. Dado que somos una consultora peque\u00f1a y muy especializada, en algunos de dichos clientes ha colaborado con otras consultoras que han aportado su experiencia comercial y\/o visi\u00f3n estrat\u00e9gica.<\/p>\n\n\n\n<p>Nuestra referencias en proyectos de Gesti\u00f3n de Crisis y Continuidad de Negocio recaen sobretodo en los <strong>sectores financiero<\/strong>, <strong>activos inmobiliarios<\/strong>, <strong>infraestructuras<\/strong> y <strong>asegurador<\/strong>. <\/p>\n\n\n\n<h4 class=\"wp-block-heading\">Nuestro Valor A\u00f1adido<\/h4>\n\n\n\n<p><strong>Experiencia de compa\u00f1\u00eda. <\/strong>La implantaci\u00f3n de soluciones de contingencia y de continuidad de negocio ha sido desde siempre una de las actividades realizadas por la consultora. Los clientes de los sectores de actividad, financiero-asegurador, han confiado y lo siguen haciendo en la realizaci\u00f3n e implantaci\u00f3n de sus planes de Continuidad de Negocio. La colaboraci\u00f3n en el desarrollo, actualizaci\u00f3n y pruebas de continuidad de negocio y tecnol\u00f3gicas en los \u00faltimos diez a\u00f1os, nos ha permitido minimizar el tiempo de desarrollo as\u00ed como el tiempo de dedicaci\u00f3n del personal de las entidades y asegurar el \u00e9xito. <\/p>\n\n\n\n<p><strong>Metodolog\u00eda propia y contrastada. <\/strong>Como resultado de esta dilatada experiencia hemos desarrollado una metodolog\u00eda que sigue las mejores pr\u00e1cticas y recomendaciones respecto a Contingencia Tecnol\u00f3gica y Continuidad de Negocio. Recoge las recomendaciones y ciclos de vida de las normativas ISO 22317, ISO 22301, ISO 22320, ISO 27301, ISO 24762, ISO20000, BS11200 (Gesti\u00f3n de Crisis), ITIL (ITSM), CMM y Familia ISO27000. <\/p>\n\n\n\n<p><strong>Mejores profesionales. <\/strong>Disponemos de una plantilla especializada en todo tipo de tecnolog\u00edas y tipolog\u00edas de proyectos de Contingencia y Continuidad de Negocio con m\u00e1s de 15 a\u00f1os de experiencia en el desarrollo de proyectos de Continuidad de Negocio y Gesti\u00f3n de Crisis.<\/p>\n\n\n\n<h4 class=\"wp-block-heading\">Proyectos y Servicios realizados en nuestros clientes<\/h4>\n\n\n\n<p>Elaboraci\u00f3n de un Modelo Com\u00fan para el desarrollo del Plan de Continuidad de Negocio<\/p>\n\n\n\n<p>An\u00e1lisis de Riesgos en la gesti\u00f3n de la Continuidad de Negocio<\/p>\n\n\n\n<p>Elaboraci\u00f3n del Plan de Continuidad de Negocio<\/p>\n\n\n\n<p>Elaboraci\u00f3n del Plan de Continuidad de Negocio, dise\u00f1o y ejecuci\u00f3n de la planificaci\u00f3n de las&nbsp; pruebas anuales y mantenimiento, as\u00ed como el desarrollo de los simulacros de contingencia para el Comit\u00e9 de Gesti\u00f3n de Continuidad de Negocio<\/p>\n\n\n\n<p>Gerencia de Proyectos Infraestructura, redes y Telecomunicaciones, RFPs<\/p>\n\n\n\n<p>Informe mejora en la gesti\u00f3n de \u201cBCM\u201d (Business Continuity Management)<\/p>\n\n\n\n<p>Mantenimiento del Plan de contingencias<\/p>\n\n\n\n<p>Migraci\u00f3n del CPD<\/p>\n\n\n\n<p>Gesti\u00f3n de Continuidad de Negocio y\/o pruebas de Continuidad de Negocio<\/p>\n\n\n\n<p>Desarrollo e implantaci\u00f3n de herramientas de Gesti\u00f3n de Continuidad de Negocio<\/p>\n\n\n\n<p>Planificaci\u00f3n de la comunicaci\u00f3n en contingencias y\/o pruebas<\/p>\n\n\n\n<p>Elaboraci\u00f3n de las Pruebas de Continuidad de Negocio de los Equipos de Recuperaci\u00f3n y Tecnol\u00f3gicas<\/p>\n\n\n\n<p>Simulacros de Gesti\u00f3n de Continuidad de Negocio para los miembros del Comit\u00e9 de Gesti\u00f3n de Crisis, Equipos de Recuperaci\u00f3n de Negocio y Soporte<\/p>\n\n\n\n<p>Elaboraci\u00f3n de las Pruebas de Continuidad de Negocio de Proveedores<\/p>\n\n\n\n<p>Estrategia de Ubicaciones para la Gesti\u00f3n de Continuidad de Negocio<\/p>\n\n\n\n<p>Auditoria de las pruebas de Continuidad de Negocio seg\u00fan la BS25999<\/p>\n\n\n\n<p>Puesta en marcha de las acciones correctoras de las pruebas de Continuidad de Negocio<\/p>\n\n\n\n<p>An\u00e1lisis diferencial del Plan de Continuidad de Negocio respecto a la BS25999<\/p>\n\n\n\n<p>Simulacros de Gesti\u00f3n de Crisis y puesta en marcha del Plan de Continuidad de Negocio y del Plan de Continuidad Tecnol\u00f3gico<\/p>\n\n\n\n<p>Actualizaci\u00f3n de la Documentaci\u00f3n de Continuidad de Negocio<\/p>\n\n\n\n<p>An\u00e1lisis de Riesgos de la plataforma tecnol\u00f3gica y estudio de Impactos<\/p>\n\n\n\n<p>An\u00e1lisis y Definici\u00f3n de los riesgos de Seguridad de la Informaci\u00f3n<\/p>\n\n\n\n<p>Colaboraci\u00f3n en la realizaci\u00f3n de pruebas de Continuidad de Negocio y Tecnol\u00f3gicas de los Equipos Implicados<\/p>\n\n\n\n<p>Realizaci\u00f3n de Simulacros del Comit\u00e9 de Gesti\u00f3n de Continuidad de Negocio<\/p>\n\n\n\n<p>Realizaci\u00f3n de Simulacros de los Equipos de Soporte del Comit\u00e9 de Gesti\u00f3n de Continuidad de Negocio<\/p>\n\n\n\n<p>Contrataci\u00f3n del Centro de Respaldo y puestos en Contingencia<\/p>\n\n\n\n<p>Cuadro de mandos para la gesti\u00f3n e Integraci\u00f3n de eventos y Contingencias de Seguridad<\/p>\n\n\n\n<p>Cuadro de Mandos para la gesti\u00f3n de Servicios Cr\u00edticos<\/p>\n\n\n\n<p>Cuadro de Mandos para la Gesti\u00f3n de la Continuidad de Negocio&nbsp;<\/p>\n\n\n\n<p>Gap An\u00e1lisis de la BS25999-BS25777-ISO24762&nbsp;<\/p>\n\n\n\n<p>Definici\u00f3n de la Estrategia Global de Contingencia Tecnol\u00f3gica y de Continuidad de Negocio<\/p>\n\n\n\n<p>Definici\u00f3n de los par\u00e1metros de Gesti\u00f3n de la Seguridad y la Contingencia de los Servicios para las Entidades Financieras<\/p>\n\n\n\n<p>Desarrollo de Material de Apoyo y Concienciaci\u00f3n para la Continuidad en Entidades Financieras<\/p>\n\n\n\n<p>Definici\u00f3n y selecci\u00f3n de requisitos del centro de continuidad<\/p>\n\n\n\n<p>Desarrollo de las Normas, pol\u00edticas y procedimientos de Continuidad de Negocio<\/p>\n\n\n\n<p>Desarrollo del Plan Director de Continuidad del Negocio<\/p>\n\n\n\n<p>Documentaci\u00f3n de plataforma Tecnol\u00f3gica y desarrollo de esquemas de red y comunicaciones<\/p>\n\n\n\n<p>Colaboraci\u00f3n en la Certificaci\u00f3n de la ISO 22301<\/p>\n\n\n\n<p>Colaboraci\u00f3n en la Certificaci\u00f3n de la ISO 22320<\/p>\n\n\n\n<p>Desarrollo de Material de Apoyo para la Gesti\u00f3n de Continuidad Tecnol\u00f3gica y de Contingencias<\/p>\n\n\n\n<p>Desarrollo del Plan de Contingencia y Continuidad de Negocio de la Junta General de Accionistas<\/p>\n","protected":false},"excerpt":{"rendered":"<p>Qui\u00e9nes Somos Oficina de Continuidad es un servicio de la compa\u00f1\u00eda espa\u00f1ola CONTIDATASEG SL, creado con la misi\u00f3n de proporcionar a nuestros clientes las metodolog\u00edas , procedimientos y las tecnolog\u00edas m\u00e1s avanzadas para garantizar el \u00c9XITO durante la GESTI\u00d3N DE UNA CRISIS, as\u00ed como la CONTINUIDAD DE SUS NEGOCIOS. Oficina de Continuidad cree en la [&hellip;]<\/p>\n","protected":false},"author":1,"featured_media":0,"parent":0,"menu_order":0,"comment_status":"closed","ping_status":"closed","template":"","meta":{"footnotes":""},"class_list":["post-67","page","type-page","status-publish","hentry"],"_links":{"self":[{"href":"https:\/\/www.oficinadecontinuidad.es\/en\/wp-json\/wp\/v2\/pages\/67","targetHints":{"allow":["GET"]}}],"collection":[{"href":"https:\/\/www.oficinadecontinuidad.es\/en\/wp-json\/wp\/v2\/pages"}],"about":[{"href":"https:\/\/www.oficinadecontinuidad.es\/en\/wp-json\/wp\/v2\/types\/page"}],"author":[{"embeddable":true,"href":"https:\/\/www.oficinadecontinuidad.es\/en\/wp-json\/wp\/v2\/users\/1"}],"replies":[{"embeddable":true,"href":"https:\/\/www.oficinadecontinuidad.es\/en\/wp-json\/wp\/v2\/comments?post=67"}],"version-history":[{"count":12,"href":"https:\/\/www.oficinadecontinuidad.es\/en\/wp-json\/wp\/v2\/pages\/67\/revisions"}],"predecessor-version":[{"id":295,"href":"https:\/\/www.oficinadecontinuidad.es\/en\/wp-json\/wp\/v2\/pages\/67\/revisions\/295"}],"wp:attachment":[{"href":"https:\/\/www.oficinadecontinuidad.es\/en\/wp-json\/wp\/v2\/media?parent=67"}],"curies":[{"name":"wp","href":"https:\/\/api.w.org\/{rel}","templated":true}]}}